{"id":26427,"date":"2022-05-18T07:33:41","date_gmt":"2022-05-18T07:33:41","guid":{"rendered":"https:\/\/www.hotelmonjasdelcarmen.com\/politica-de-privacidad\/"},"modified":"2022-05-18T07:33:41","modified_gmt":"2022-05-18T07:33:41","slug":"politica-de-privacidad","status":"publish","type":"page","link":"https:\/\/www.hotelmonjasdelcarmen.com\/ko\/politica-de-privacidad\/","title":{"rendered":"Pol\u00edtica de privacidad"},"content":{"rendered":"[vc_row type=&#8221;in_container&#8221; full_screen_row_position=&#8221;middle&#8221; column_margin=&#8221;default&#8221; column_direction=&#8221;default&#8221; column_direction_tablet=&#8221;default&#8221; column_direction_phone=&#8221;default&#8221; scene_position=&#8221;center&#8221; text_color=&#8221;dark&#8221; text_align=&#8221;left&#8221; row_border_radius=&#8221;none&#8221; row_border_radius_applies=&#8221;bg&#8221; overlay_strength=&#8221;0.3&#8243; gradient_direction=&#8221;left_to_right&#8221; shape_divider_position=&#8221;bottom&#8221; bg_image_animation=&#8221;none&#8221; shape_type=&#8221;&#8221;][vc_column column_padding=&#8221;no-extra-padding&#8221; column_padding_tablet=&#8221;inherit&#8221; column_padding_phone=&#8221;inherit&#8221; column_padding_position=&#8221;all&#8221; background_color_opacity=&#8221;1&#8243; background_hover_color_opacity=&#8221;1&#8243; column_shadow=&#8221;none&#8221; column_border_radius=&#8221;none&#8221; column_link_target=&#8221;_self&#8221; gradient_direction=&#8221;left_to_right&#8221; overlay_strength=&#8221;0.3&#8243; width=&#8221;1\/1&#8243; tablet_width_inherit=&#8221;default&#8221; tablet_text_alignment=&#8221;default&#8221; phone_text_alignment=&#8221;default&#8221; column_border_width=&#8221;none&#8221; column_border_style=&#8221;solid&#8221; bg_image_animation=&#8221;none&#8221;]<div  data-transition=\"slide\" data-overall_style=\"classic\" data-flexible-height=\"\" data-animate-in-effect=\"none\" data-fullscreen=\"true\" data-button-sizing=\"regular\" data-button-styling=\"btn_with_count\" data-autorotate=\"\" data-parallax=\"false\" data-parallax-disable-mobile=\"\" data-caption-trans=\"fade_in_from_bottom\" data-parallax-style=\"bg_only\" data-bg-animation=\"none\" data-full-width=\"true\" class=\"nectar-slider-wrap \" id=\"nectar-slider-instance-1\"><div class=\"swiper-container\"  data-tho=\"auto\" data-tco=\"auto\" data-pho=\"auto\" data-pco=\"auto\" data-loop=\"false\" data-height=\"650\" data-min-height=\"\" data-arrows=\"false\" data-bullets=\"false\" data-bullet_style=\"see_through\" data-bullet_position=\"bottom\" data-desktop-swipe=\"false\" data-settings=\"\"> <div class=\"swiper-wrapper\"><\/div><div class=\"nectar-slider-loading \"> <span class=\"loading-icon none\">   <\/span> <\/div> <\/div> \n\t\t\t\t\t\n\t\t\t\t\t<\/div>[\/vc_column][\/vc_row][vc_row type=&#8221;full_width_content&#8221; full_screen_row_position=&#8221;middle&#8221; column_margin=&#8221;default&#8221; equal_height=&#8221;yes&#8221; content_placement=&#8221;bottom&#8221; column_direction=&#8221;default&#8221; column_direction_tablet=&#8221;default&#8221; column_direction_phone=&#8221;default&#8221; bg_color=&#8221;#ffffff&#8221; scene_position=&#8221;center&#8221; top_padding=&#8221;54&#8243; text_color=&#8221;dark&#8221; text_align=&#8221;center&#8221; row_border_radius=&#8221;none&#8221; row_border_radius_applies=&#8221;bg&#8221; color_overlay=&#8221;#ffffff&#8221; color_overlay_2=&#8221;#ffffff&#8221; overlay_strength=&#8221;0.5&#8243; gradient_direction=&#8221;left_to_right&#8221; shape_divider_position=&#8221;bottom&#8221; shape_divider_height=&#8221;350&#8243; bg_image_animation=&#8221;fade-in&#8221; parallax_bg=&#8221;true&#8221; parallax_bg_speed=&#8221;fast&#8221; shape_type=&#8221;mountains&#8221;][vc_column column_padding=&#8221;padding-3-percent&#8221; column_padding_tablet=&#8221;inherit&#8221; column_padding_phone=&#8221;inherit&#8221; column_padding_position=&#8221;all&#8221; background_color_opacity=&#8221;1&#8243; background_hover_color_opacity=&#8221;1&#8243; font_color=&#8221;#44443c&#8221; column_shadow=&#8221;none&#8221; column_border_radius=&#8221;none&#8221; column_link_target=&#8221;_self&#8221; gradient_direction=&#8221;left_to_right&#8221; overlay_strength=&#8221;0.3&#8243; width=&#8221;1\/1&#8243; tablet_width_inherit=&#8221;default&#8221; tablet_text_alignment=&#8221;default&#8221; phone_text_alignment=&#8221;default&#8221; column_border_width=&#8221;none&#8221; column_border_style=&#8221;solid&#8221; bg_image_animation=&#8221;none&#8221;][vc_column_text]\n<h2><span style=\"color: #333333;\">POLITICA DE PRIVACIDAD<\/span><\/h2>\n[\/vc_column_text][\/vc_column][\/vc_row][vc_row type=&#8221;in_container&#8221; full_screen_row_position=&#8221;middle&#8221; column_margin=&#8221;default&#8221; column_direction=&#8221;default&#8221; column_direction_tablet=&#8221;default&#8221; column_direction_phone=&#8221;default&#8221; scene_position=&#8221;center&#8221; text_color=&#8221;dark&#8221; text_align=&#8221;left&#8221; row_border_radius=&#8221;none&#8221; row_border_radius_applies=&#8221;bg&#8221; overlay_strength=&#8221;0.3&#8243; gradient_direction=&#8221;left_to_right&#8221; shape_divider_position=&#8221;bottom&#8221; bg_image_animation=&#8221;none&#8221; shape_type=&#8221;&#8221;][vc_column column_padding=&#8221;no-extra-padding&#8221; column_padding_tablet=&#8221;inherit&#8221; column_padding_phone=&#8221;inherit&#8221; column_padding_position=&#8221;all&#8221; background_color_opacity=&#8221;1&#8243; background_hover_color_opacity=&#8221;1&#8243; column_shadow=&#8221;none&#8221; column_border_radius=&#8221;none&#8221; column_link_target=&#8221;_self&#8221; gradient_direction=&#8221;left_to_right&#8221; overlay_strength=&#8221;0.3&#8243; width=&#8221;1\/1&#8243; tablet_width_inherit=&#8221;default&#8221; tablet_text_alignment=&#8221;default&#8221; phone_text_alignment=&#8221;default&#8221; column_border_width=&#8221;none&#8221; column_border_style=&#8221;solid&#8221; bg_image_animation=&#8221;none&#8221;][vc_column_text]<strong>POLITICA DE PRIVACIDAD<br \/>\n<\/strong><br \/>\n<strong>1. Introducci\u00f3n<\/strong><br \/>\nEl presente documento tiene por finalidad regular las NORMAS DE USO y salvaguardar la PROTECCION DE LOS USUARIOS de www.hotelmonjasdelcarmen.com, propiedad de HERGANTA S.L. (en adelante, HOTEL MONJAS DEL CARMEN), con domicilio en Granada, PLAZA DE CUCHILLEROS, 13, 18010, Telf. 958101619 y Fax 958101620. Los t\u00e9rminos &#8220;Usted&#8221; y &#8220;Usuario&#8221; se emplean aqu\u00ed para referirse a todos los individuos y\/o entidades que por cualquier raz\u00f3n accedan a este sitio de la web.HOTEL MONJAS DEL CARMEN pretende, a trav\u00e9s de www.hotelmonjasdelcarmen.com acercar el mundo HOTEL MONJAS DEL CARMEN a sus usuarios. Para ello, HOTEL MONJAS DEL CARMEN pone a disposici\u00f3n a trav\u00e9s dewww.hotelmonjasdelcarmen.com, informaci\u00f3n y servicios relacionados con nuestros hoteles como Reservas online de habitaciones, Servicio de pre-reserva, Localizador de hoteles, Localizador por Tarifas, Servicio de Atenci\u00f3n al cliente, Bolsa de Empleo y diversas promociones en continua evoluci\u00f3n (en adelante los servicios).<br \/>\nLa utilizaci\u00f3n de la p\u00e1gina y\/o de sus servicios, supondr\u00e1 la aceptaci\u00f3n plena y sin reservas, y la validez, de todas y cada una de las Condiciones Generales recogidas en la \u00faltima versi\u00f3n actualizada de estas Normas de uso, por lo que el usuario deber\u00e1 ser consciente de la importancia de leerlas cada vez que visitewww.hotelmonjasdelcarmen.com. El acceso y\/o uso de determinados servicios ofrecidos a los usuarios (de ahora en adelante el usuario) en www.hotelmonjasdelcarmen.com, puede estar sometido a ciertas condiciones que, dependiendo de los casos, sustituyen, modifican y\/o completan estas Normas de uso, por lo que el usuario, con anterioridad al acceso y\/o uso de dichos servicios y contenidos, ha de leer y aceptar dichas condiciones.<\/p>\n<p><strong>2. Uso de la p\u00e1gina www.hotelmonjasdelcarmen.com y servicios<\/strong><br \/>\n2.1 El usuario se compromete utilizar la p\u00e1gina www.hotelmonjasdelcarmen.com y aquellos servicios puestos a su disposici\u00f3n a trav\u00e9s de la misma, de manera acorde a la Ley, moral, buenas costumbres y orden p\u00fablico, as\u00ed como con lo dispuesto en las presentes Normas de uso. En consecuencia, queda obligado a no utilizar la p\u00e1gina www.hotelmonjasdelcarmen.com o servicios, con fines o efectos il\u00edcitos y\/o contrarios a lo establecido en las presentes Normas de Uso, lesivos de derechos y\/o intereses de terceros o que, de cualquier forma, puedan da\u00f1ar la p\u00e1gina www.hotelmonjasdelcarmen.com o impedir su normal uso, o de los servicios accesibles a trav\u00e9s de las misma, por el resto de los usuarios, HOTEL MONJAS DEL CARMEN y\/o su imagen.2.2 HOTEL MONJAS DEL CARMEN podr\u00e1, para mayor agilidad en el funcionamiento de www.hotelmonjasdelcarmen.com y en beneficio de los usuarios, modificar los servicios prestados o cualquier aspecto sustancial de la presente p\u00e1gina, o las condiciones de operatividad, t\u00e9cnicas y de uso de los servicios dewww.hotelmonjasdelcarmen.com. Del mismo modo, los usuarios, con objeto de mejorar el servicio y establecer un \u00f3ptimo nivel de calidad, objetivo \u00faltimo de HOTEL MONJAS DEL CARMEN, podr\u00e1n sugerir aquellas modificaciones que ellos estimen \u00fatiles, poni\u00e9ndose en contacto con los responsables de la p\u00e1gina a trav\u00e9s de la direcci\u00f3n de correo electr\u00f3nico: protecciondedatos@www.hotelmonjasdelcarmen.com.<\/p>\n<p>2.3 Los usuarios de www.hotelmonjasdelcarmen.com deber\u00e1n observar cualquier instrucci\u00f3n que, a trav\u00e9s de e-mail, www.hotelmonjasdelcarmen.com o, HOTEL MONJAS DEL CARMEN o su personal, debidamente autorizado, imparta.<br \/>\n<strong>3. Protecci\u00f3n de los datos personales de los usuarios por parte de HOTEL MONJAS DEL CARMEN<\/strong><br \/>\nEl usuario de www.hotelmonjasdelcarmen.com, al enviar la solicitud de reserva, como el contacto para cualquier tipo de consulta o el curr\u00edculum para poder optar a los empleos ofertados por el hotel, est\u00e1 proporcionando voluntariamente datos de car\u00e1cter personal (de ahora en adelante los Datos Personales) que HOTEL MONJAS DEL CARMEN trata de forma automatizada o no automatizada e incorpora a ficheros cuyos son gestionarle la reserva solicitada, contestaci\u00f3n a consultas y quejas a trav\u00e9s del formulario de contacto, o la selecci\u00f3n de personal del hotel, as\u00ed como el env\u00edo de comunicaciones comerciales que puedan resultar de su inter\u00e9s a trav\u00e9s de cualquier medio, SMS, email, correo postal, etc&#8230; ficheros delos que es responsable HERGANTA S.L. (HOTEL MONJAS DEL CARMEN), y que se encuentran registrados o dados de alta ante la autoridad competente.<br \/>\nDebido a las caracter\u00edsticas propias de la actividad y los servicios de HOTEL MONJAS DEL CARMEN y para el perfecto desarrollo y consecuci\u00f3n de sus objetivos, se hace necesaria las cesiones de datos personales a terceros. Dichas cesiones de datos personales pueden dirigirse a las sociedades del GRUPO y\/o a otros terceros interesados. La cesi\u00f3n de datos de car\u00e1cter personal a tales entidades tiene como exclusiva finalidad la correcta prestaci\u00f3n de los servicios que HOTEL MONJAS DEL CARMEN ofrece.<br \/>\nLos titulares de los datos tienen en todo momento el derecho de acceder al fichero, pudiendo ejercitar los derechos de rectificaci\u00f3n, cancelaci\u00f3n y oposici\u00f3n en los t\u00e9rminos recogidos en la legislaci\u00f3n de protecci\u00f3n de datos. Del mismo modo, el consentimiento del usuario para el tratamiento y cesi\u00f3n de sus datos personales ser\u00e1 revocable en todo momento sin efectos retroactivos, conforme a lo que disponen los art\u00edculos 6 y 11 de la Ley Org\u00e1nica 15\/1999, de 13 de diciembre de Protecci\u00f3n de Datos de Car\u00e1cter Personal.<br \/>\nA tales fines, bastar\u00e1 con contactar con HOTEL MONJAS DEL CARMEN a trav\u00e9s del correo electr\u00f3nicoprotecciondedatos@www.hotelmonjasdelcarmen.com., o bien, escribiendo a su domicilio social sito en la PLAZA DE CUCHILLEROS, 13, 18010, GRANADA,ESPA\u00d1A. HOTEL MONJAS DEL CARMEN garantiza que ha adoptado las medidas oportunas de seguridad en sus instalaciones, sistemas y ficheros. Asimismo, HOTEL MONJAS DEL CARMEN garantiza la confidencialidad de los Datos Personales, aunque revelar\u00e1 a las autoridades p\u00fablicas competentes los Datos Personales y cualquier otra informaci\u00f3n que est\u00e9 en su poder o sea accesible a trav\u00e9s de sus sistemas y sea requerida de conformidad con las disposiciones legales y reglamentarias aplicables al caso. Los usuarios de www.hotelmonjasdelcarmen.com garantizan y responden, en cualquier caso, de la veracidad, exactitud, vigencia y autenticidad de los Datos Personales facilitados, y se comprometen a mantenerlos debidamente actualizados.<br \/>\nLos servicios de HOTEL MONJAS DEL CARMEN no est\u00e1n destinados a menores y HOTEL MONJAS DEL CARMEN no solicita ni recoge informaci\u00f3n relativa a personas menores de edad.<br \/>\nPor otra parte, HOTEL MONJAS DEL CARMEN podr\u00e1 recoger informaci\u00f3n a trav\u00e9s de dispositivos como cookies o ficheros log sobre la navegaci\u00f3n de sus usuarios porwww.hotelmonjasdelcarmen.com. Estos dispositivos se asocian exclusivamente a un \u00fanico usuario y su propio ordenador personal. En tal caso, HOTEL MONJAS DEL CARMEN s\u00f3lo utilizar\u00e1 estos datos en su conjunto con el fin \u00faltimo de mejorar sus servicios.<br \/>\n<strong>4. Motivos de exclusi\u00f3n<\/strong><br \/>\nHOTEL MONJAS DEL CARMEN se reserva el derecho de excluir, temporal o definitivamente a los usuarios en cualquiera de los siguientes supuestos:<br \/>\nPor incumplimiento de cualquiera de las Condiciones Generales de Uso establecidos en el presente documento.<br \/>\nPor incumplimiento de las leyes, la moral, y el Orden p\u00fablico.<br \/>\nLa exclusi\u00f3n del usuario no supondr\u00e1 la renuncia de HOTEL MONJAS DEL CARMEN a realizar las acciones legales correspondientes o las indemnizaciones que en derecho correspondan.<br \/>\n<strong>5. Derecho de Modificaci\u00f3n de las Normas de uso<\/strong><br \/>\nHOTEL MONJAS DEL CARMEN se reserva el derecho de modificar cualquiera de los t\u00e9rminos y condiciones de las presentes Normas de uso, en los t\u00e9rminos y condiciones que estime conveniente, informando a los usuarios de las modificaciones efectuadas a trav\u00e9s de www.hotelmonjasdelcarmen.com<br \/>\n<strong>6. Propiedad Intelectual y Derechos de Auto<\/strong><br \/>\nToda la informaci\u00f3n contenida en www.hotelmonjasdelcarmen.com, su dise\u00f1o gr\u00e1fico y el c\u00f3digo en lenguaje HTML, JAVA, JAVA Script o Active X, est\u00e1 protegida por derechos de autor u otros derechos de protecci\u00f3n de la propiedad intelectual.<br \/>\nEstos derechos pertenecen exclusivamente a HOTEL MONJAS DEL CARMEN o a sus licenciadores. Los usuarios de Internet que accedan a esta Web pueden visualizar la informaci\u00f3n contenida en el mismo y efectuar downloads o reproducciones privadas en su sistema inform\u00e1tico, siempre que los elementos reproducidos no sean cedidos posteriormente a terceros o se instalen en un servidor conectado a Internet o a una red local. No se permite, sin perjuicio de lo recogido las presentes Normas de uso, la distribuci\u00f3n, modificaci\u00f3n, cesi\u00f3n, comunicaci\u00f3n p\u00fablica, reproducciones ni cualquier otro acto de parte o la totalidad de la informaci\u00f3n publicada en www.hotelmonjasdelcarmen.com, sin autorizaci\u00f3n previa deHOTEL MONJAS DEL CARMEN. El usuario, deber\u00e1 utilizar los contenidos e informaciones recogidos enwww.hotelmonjasdelcarmen.com, de forma diligente, correcta y l\u00edcita, y en concreto, \u00fanicamente para uso personal y no comercial, siempre y cuando no se elimine o modifique el contenido o cualquier menci\u00f3n de fuentes, copyright y dem\u00e1s datos identificativos de derechos de HOTEL MONJAS DEL CARMEN o de terceros, es decir respetando su forma original. Cualquier reproducci\u00f3n o copia, distribuci\u00f3n o publicaci\u00f3n, de cualquier clase, del contenido de la informaci\u00f3n publicada en www.hotelmonjasdelcarmen.com sin autorizaci\u00f3n previa y por escrito de HOTEL MONJAS DEL CARMEN queda prohibido. La autorizaci\u00f3n para la reproducci\u00f3n puede solicitarse a la direcci\u00f3n emailprotecciondedatos@www.hotelmonjasdelcarmen.com.<\/p>\n<p>En caso de que cualquier usuario o tercero considere que cualquiera de los contenidos existentes en www.hotelmonjasdelcarmen.com ha sido introducido en la misma con violaci\u00f3n de derechos de autor u otros derechos de protecci\u00f3n de la propiedad intelectual, rogamos comunique a HOTEL MONJAS DEL CARMEN dicha circunstancia, remitiendo notificaci\u00f3n a la direcci\u00f3n de correo electr\u00f3nico<a id=\"_GoBack\" name=\"_GoBack\"><\/a>protecciondedatos@www.hotelmonjasdelcarmen.com., que incluya, al menos, los siguientes extremos: a) Nombre, direcci\u00f3n, n\u00famero de tel\u00e9fono y direcci\u00f3n de e-mail del reclamante. b) Datos del titular de los derechos de autor u otros derechos de protecci\u00f3n de la propiedad intelectual que pudiesen haber sido infringidos. c) Indicaci\u00f3n de los contenidos infringidos y ubicaci\u00f3n en la p\u00e1ginawww.hotelmonjasdelcarmen.com. d) Declaraci\u00f3n de que la introducci\u00f3n de los contenidos ha sido introducida sin autorizaci\u00f3n expresa del titular de los derechos de autor u otros derechos de propiedad intelectual. Sin perjuicio de lo se\u00f1alado en los p\u00e1rrafos precedentes, HOTEL MONJAS DEL CARMEN se reserva el derecho de defenderse contra reclamaciones fundadas en normativa vigente sobre publicidad y de derechos de autor u otros derechos protectores de la propiedad intelectual.<br \/>\n<strong>7. Hiperlinks<\/strong><br \/>\n7.1 En el caso de que www.hotelmonjasdelcarmen.com refiera mediante enlaces a publicidad o a p\u00e1ginas Web de terceros, HOTEL MONJAS DEL CARMEN no se obliga a controlar y no controla con car\u00e1cter previo, aprueba ni hace propios los servicios, contenidos, datos, archivos, productos y cualquier clase de material existente en la p\u00e1gina o p\u00e1ginas web de terceros, por lo que HOTEL MONJAS DEL CARMEN no responder\u00e1, bajo ninguna circunstancia, de la legalidad de los contenidos de dicha\/ s p\u00e1gina\/ s, siendo responsabilidad exclusiva del tercero, a t\u00edtulo enunciativo y no limitativo, el respeto de la legalidad, moral, buenas costumbres y orden p\u00fablico, de los contenidos, as\u00ed como que aquellos no lesionen derechos cualesquiera de terceros. La existencia de un hiperlink no presupone relaci\u00f3n de ninguna clase entre HOTEL MONJAS DEL CARMEN y el propietario de la p\u00e1gina web en que el mismo se establezca.<\/p>\n<p>7.2 Aquellos usuarios o terceras personas que pretendan establecer un hiperlink con la p\u00e1ginawww.hotelmonjasdelcarmen.com, deber\u00e1n garantizar que el hiperlink s\u00f3lo permite el acceso a las p\u00e1ginas o servicios de la p\u00e1gina www.hotelmonjasdelcarmen.com, pero no realiza, de forma enunciativa pero no limitativa, reproducci\u00f3n de contenidos, deep-links, browsers, manifestaciones inexactas o incorrectas, sobre los contenidos o la p\u00e1gina web dewww.hotelmonjasdelcarmen.com. Salvo aquellos signos que formen parte del hiperlink, el usuario garantizar\u00e1 que la p\u00e1gina web en la que se establezca el hiperlink no contendr\u00e1 marcas, nombres comerciales, r\u00f3tulos de establecimientos, denominaciones, logotipos, esl\u00f3ganes o cualquier tipo de signo distintivo perteneciente aHOTEL MONJAS DEL CARMEN.<\/p>\n<p><strong>8. Exclusi\u00f3n de garant\u00edas y de responsabilidad<\/strong><br \/>\n8.1 HOTEL MONJAS DEL CARMEN NO GARANTIZA LA FIABILIDAD, DISPONIBILIDAD O CONTINUIDAD DEL FUNCIONAMIENTO DE SU PAGINA WEB NI DE LOS PRODUCTOS O SERVICIOS PUESTOS A DISPOSICI\u00d3N DEL USUARIO, POR LO QUE EXCLUYE CUALQUIER RESPONSABILIDAD QUE PUEDA DEBERSE A LA FALTA DE DISPONIBILIDAD, FIABILIDAD O CONTINUIDAD DE SU PAGINA WEB O DE SUS SERVICIOS, AUNQUE INTENTAR\u00c1 FACILITAR, EN LA MEDIDA DE SUS POSIBILIDADES, AYUDA T\u00c9CNICA A LA PERSONA AFECTADA. ASIMISMO INTENTAR\u00c1 REESTABLECER DE INMEDIATO LA INTERRUPCI\u00d3N Y PONDR\u00c1 A DISPOSICI\u00d3N DEL USUARIO, DENTRO DE SUS POSIBILIDADES, MEDIDAS ALTERNATIVAS.<\/p>\n<p>8.2 HOTEL MONJAS DEL CARMEN NO SE OBLIGA A CONTROLAR Y NO CONTROLA CON CAR\u00c1CTER PREVIO, LA AUSENCIA DE VIRUS O ELEMENTOS EN LOS CONTENIDOS, QUE PUEDAN PRODUCIR ALTERACIONES EN EL SOFTWARE O HARDWARE DE LOS USUARIOS O PERSONAS QUE VISITEN LAS P\u00c1GINAS, POR LO QUE NO RESPONDER\u00c1 DE LOS DA\u00d1OS Y PERJUICIOS DE CUALQUIER NATURALEZA QUE PUDIERAN DERIVARSE DE LOS MISMOS.<\/p>\n<p>8.3 HOTEL MONJAS DEL CARMEN NO SE OBLIGA A CONTROLAR Y NO CONTROLA CON CAR\u00c1CTER PREVIO, APRUEBA NI HACE PROPIOS LOS SERVICIOS, CONTENIDOS, DATOS, ARCHIVOS, PRODUCTOS Y CUALQUIER CLASE DE MATERIAL EXISTENTE EN LA P\u00c1GINA O P\u00c1GINAS WEB DE TERCEROS, POR LO QUE HOTEL MONJAS DEL CARMEN NO RESPONDER\u00c1, BAJO NINGUNA CIRCUNSTANCIA, DE LA LEGALIDAD DE LOS CONTENIDOS DE SU\/ S P\u00c1GINA\/ S WEB, SIENDO RESPONSABILIDAD EXCLUSIVA DE LOS TERCEROS, A TITULO ENUNCIATIVO Y NO LIMITATIVO, EL RESPETO DE LA LEGALIDAD, MORAL, BUENAS COSTUMBRES Y ORDEN P\u00daBLICO, DE LOS CONTENIDOS, AS\u00cd COMO QUE AQUELLOS NO LESIONEN DERECHOS CUALESQUIERA DE TERCEROS.<\/p>\n<p>8.4 HOTEL MONJAS DEL CARMEN NO SE OBLIGA A CONTROLAR Y NO CONTROLA, NI GARANTIZA LA FIABILIDAD, DISPONIBILIDAD O CONTINUIDAD DEL FUNCIONAMIENTO DE LOS PRODUCTOS O SERVICIOS PUESTOS A DISPOSICI\u00d3N DEL USUARIO POR TERCEROS ALOJADOS FUERA DEHOTELMONJASDELCARMEN.COM, POR LO QUE EXCLUYE CUALQUIER RESPONSABILIDAD POR LOS DA\u00d1OS Y\/O PERJUICIOS DE TODA NATURALEZA QUE PUEDAN DEBERSE A LA FALTA DE DISPONIBILIDAD, FIABILIDAD O CONTINUIDAD DE SU PAGINA WEB O DE SUS SERVICIOS. 12.7 EL USUARIO RESPONDER\u00c1 DE LOS DA\u00d1OS Y\/O PERJUICIOS DE CUALQUIER NATURALEZA QUE HOTEL MONJAS DEL CARMEN PUDIERA SUFRIR COMO CONSECUENCIA DEL INCUMPLIMIENTO POR PARTE DEL USUARIO, DE LA LEY O DE CUALQUIERA DE LAS CONDICIONES GENERALES RECOGIDAS EN EL PRESENTE ACUERDO.<\/p>\n<p><strong>9. Salvaguarda de las Normas de uso.<\/strong><br \/>\nSi una de las estipulaciones de las presentes Normas de uso fuera declarada nula o inoperante, el resto de las Condiciones se mantendr\u00e1n en los t\u00e9rminos acordados. HOTEL MONJAS DEL CARMEN se comprometen a sustituir la estipulaci\u00f3n afectada por la nulidad aproxim\u00e1ndose lo m\u00e1s posible a la intenci\u00f3n inicialmente perseguida por las partes.<br \/>\n<strong>10. Ley aplicable y Jurisdicci\u00f3n competente<\/strong><br \/>\nEstas Normas de uso se rigen por la Ley Espa\u00f1ola. HOTEL MONJAS DEL CARMEN y los usuarios, para la resoluci\u00f3n de cualquier controversia que pudiera surgir, con respecto a su validez, ejecuci\u00f3n, cumplimiento o resoluci\u00f3n, total o parcial, se someten, con renuncia expresa a su fuero propio o a cualquier otro que, en su caso, pudiera corresponderles, a la competencia de los Juzgados y Tribunales de Granada. Constituye este contrato la expresi\u00f3n completa e \u00edntegra del acuerdo entre HOTEL MONJAS DEL CARMEN y el usuario, y sustituye todos los anteriores pactos, compromisos, manifestaciones o acuerdos, tanto escritos como orales, que hayan existido previamente entre ambos.[\/vc_column_text][\/vc_column][\/vc_row]\n","protected":false},"excerpt":{"rendered":"<p>[vc_row type=&#8221;in_container&#8221; full_screen_row_position=&#8221;middle&#8221; column_margin=&#8221;default&#8221; column_direction=&#8221;default&#8221; column_direction_tablet=&#8221;default&#8221; column_direction_phone=&#8221;default&#8221; scene_position=&#8221;center&#8221; text_color=&#8221;dark&#8221; text_align=&#8221;left&#8221; row_border_radius=&#8221;none&#8221; row_border_radius_applies=&#8221;bg&#8221; overlay_strength=&#8221;0.3&#8243; gradient_direction=&#8221;left_to_right&#8221; shape_divider_position=&#8221;bottom&#8221; bg_image_animation=&#8221;none&#8221; shape_type=&#8221;&#8221;][vc_column column_padding=&#8221;no-extra-padding&#8221; column_padding_tablet=&#8221;inherit&#8221; column_padding_phone=&#8221;inherit&#8221; column_padding_position=&#8221;all&#8221; background_color_opacity=&#8221;1&#8243; background_hover_color_opacity=&#8221;1&#8243; column_shadow=&#8221;none&#8221; column_border_radius=&#8221;none&#8221; column_link_target=&#8221;_self&#8221; gradient_direction=&#8221;left_to_right&#8221; overlay_strength=&#8221;0.3&#8243; width=&#8221;1\/1&#8243; tablet_width_inherit=&#8221;default&#8221;&#8230;<\/p>\n","protected":false},"author":3,"featured_media":0,"parent":0,"menu_order":0,"comment_status":"closed","ping_status":"closed","template":"","meta":{"_joinchat":[],"footnotes":""},"class_list":["post-26427","page","type-page","status-publish"],"_links":{"self":[{"href":"https:\/\/www.hotelmonjasdelcarmen.com\/ko\/wp-json\/wp\/v2\/pages\/26427","targetHints":{"allow":["GET"]}}],"collection":[{"href":"https:\/\/www.hotelmonjasdelcarmen.com\/ko\/wp-json\/wp\/v2\/pages"}],"about":[{"href":"https:\/\/www.hotelmonjasdelcarmen.com\/ko\/wp-json\/wp\/v2\/types\/page"}],"author":[{"embeddable":true,"href":"https:\/\/www.hotelmonjasdelcarmen.com\/ko\/wp-json\/wp\/v2\/users\/3"}],"replies":[{"embeddable":true,"href":"https:\/\/www.hotelmonjasdelcarmen.com\/ko\/wp-json\/wp\/v2\/comments?post=26427"}],"version-history":[{"count":1,"href":"https:\/\/www.hotelmonjasdelcarmen.com\/ko\/wp-json\/wp\/v2\/pages\/26427\/revisions"}],"predecessor-version":[{"id":26428,"href":"https:\/\/www.hotelmonjasdelcarmen.com\/ko\/wp-json\/wp\/v2\/pages\/26427\/revisions\/26428"}],"wp:attachment":[{"href":"https:\/\/www.hotelmonjasdelcarmen.com\/ko\/wp-json\/wp\/v2\/media?parent=26427"}],"curies":[{"name":"wp","href":"https:\/\/api.w.org\/{rel}","templated":true}]}}